{"id":897,"date":"2016-08-13T09:13:34","date_gmt":"2016-08-13T09:13:34","guid":{"rendered":"https:\/\/verhoeven.nathanmertens.be\/?page_id=897"},"modified":"2025-07-09T07:59:29","modified_gmt":"2025-07-09T07:59:29","slug":"natuur","status":"publish","type":"page","link":"https:\/\/drukkerijverhoeven.be\/fr\/natuur\/","title":{"rendered":"Nous aimons la nature"},"content":{"rendered":"<div class=\"eut-section eut-row-section eut-fullwidth-background eut-padding-top-1x eut-padding-bottom-2x eut-bg-none eut-mobile-row-hide\"  style=\"background-color:#2d2d2d;\"><div class=\"eut-container\"><div class=\"eut-row eut-bookmark eut-columns-gap-30\"><div class=\"eut-column wpb_column eut-column-1 eut-headings-primary-1\"  style=\"color:#2d2d2d;\" ><div class=\"eut-column-wrapper vc_custom_1661002988120\" ><\/div><\/div><\/div><\/div><div class=\"eut-background-wrapper\"><\/div><\/div><div class=\"eut-section eut-row-section eut-fullwidth-background eut-padding-top-5x eut-padding-bottom-5x eut-bg-none\"><div class=\"eut-container\"><div class=\"eut-row eut-bookmark eut-columns-gap-30\"><div class=\"eut-column wpb_column eut-column-1 eut-mobile-column-hide\" ><div class=\"eut-column-wrapper\" ><div class=\"eut-empty-space eut-height-2x\" style=\"\"><\/div><\/div><\/div><div class=\"eut-column wpb_column eut-column-1-12 eut-tablet-column-1-12 eut-tablet-sm-column-1-12\" ><div class=\"eut-column-wrapper\" ><\/div><\/div><div class=\"eut-column wpb_column eut-column-5-6 eut-tablet-column-5-6 eut-tablet-sm-column-5-6 eut-mobile-column-hide\" ><div class=\"eut-column-wrapper\" ><h3 class=\"eut-element eut-title eut-align-center eut-small-text\" style=\"\"><span>\u00e0 l'imprimerie verhoeven nous<\/span><\/h3><h1 class=\"eut-element eut-title eut-align-center eut-h2\" style=\"\"><span>En direct <span style=\"color: #dde05a;\"> vert<\/span>, Respirez <span style=\"color: #dde05a;\"> vert<\/span>, Go <span style=\"color: #dde05a;\"> vert<\/span><\/span><\/h1><\/div><\/div><div class=\"eut-column wpb_column eut-column-1-12 eut-tablet-column-1-12 eut-tablet-sm-column-1-12\" ><div class=\"eut-column-wrapper\" ><\/div><\/div><div class=\"eut-column wpb_column eut-column-1 eut-desktop-column-hide\" ><div class=\"eut-column-wrapper\" ><div class=\"eut-row-inner eut-bookmark\">\r\n\t\t<div class=\"eut-column-inner wpb_column eut-column-1 eut-mobile-column-1\">\r\n\t\t\t<div class=\"eut-column-wrapper-inner\">\r\n\t\t\t<h3 class=\"eut-element eut-title eut-align-center eut-small-text\" style=\"\"><span>\u00e0 l'imprimerie verhoeven nous<\/span><\/h3><h1 class=\"eut-element eut-title eut-align-left eut-h2\" style=\"\"><span><br>\n<h1>En direct <span style=\"color: #dde05a;\"> vert<\/span><\/h1>\n<h1>Respirer <span style=\"color: #dde05a;\"> vert<\/h1>\n<h1><\/span>Aller <span style=\"color: #dde05a;\"> vert<\/span><\/h1>\n<\/span><\/h1>\r\n\t\t\t<\/div>\r\n\t\t<\/div>\r\n\t<\/div><div class=\"eut-empty-space eut-height-2x\" style=\"\"><\/div><\/div><\/div><div class=\"eut-column wpb_column eut-column-1\" ><div class=\"eut-column-wrapper\" ><\/div><\/div><\/div><\/div><div class=\"eut-background-wrapper\"><\/div><\/div><div class=\"eut-section eut-row-section eut-fullwidth eut-padding-top-6x eut-padding-bottom-6x eut-bg-parallax\" data-parallax-threshold=\"0.5\"><div class=\"eut-container\"><div class=\"eut-row eut-bookmark eut-columns-gap-60\"><div class=\"eut-column wpb_column eut-column-1\" ><div class=\"eut-column-wrapper\" ><div class=\"eut-empty-space eut-height-5x\" style=\"\"><\/div><div class=\"eut-empty-space eut-height-5x\" style=\"\"><\/div><\/div><\/div><\/div><\/div><div class=\"eut-background-wrapper\">  <div class=\"eut-bg-image eut-bg-image-id-3916\"   style=\"background-image: url(https:\/\/drukkerijverhoeven.be\/wp-content\/uploads\/2022\/08\/header-nature-1920x1280.jpg);\"><\/div><\/div><\/div><div class=\"eut-section eut-row-section eut-fullwidth-background eut-padding-top-6x eut-padding-bottom-6x eut-bg-none\"><div class=\"eut-container\"><div class=\"eut-row eut-bookmark eut-columns-gap-30\"><div class=\"eut-column wpb_column eut-column-1\" ><div class=\"eut-column-wrapper\" ><h3 class=\"eut-element eut-title eut-align-left eut-h4\" style=\"\"><span>Le papier, c'est la nature.<\/span><\/h3><\/div><\/div><div class=\"eut-column wpb_column eut-column-1\" ><div class=\"eut-column-wrapper\" ><div class=\"eut-empty-space\" style=\"height: 18px;\"><\/div><\/div><\/div><div class=\"eut-column wpb_column eut-column-1-2\" ><div class=\"eut-column-wrapper\" ><div class=\"eut-element eut-text eut-leader-text\">\r\n\t\t\t<p>La plupart de nos papiers sont certifi\u00e9s FSC\u00ae. Cela signifie que ses mati\u00e8res premi\u00e8res proviennent de for\u00eats g\u00e9r\u00e9es de mani\u00e8re durable, ce qui se traduit par des for\u00eats saines, en pleine croissance et \u00e0 forte teneur en CO<sup>2<\/sup> absorber, car les for\u00eats sont essentielles \u00e0 la lutte contre le r\u00e9chauffement climatique et \u00e0 la pr\u00e9servation de la biodiversit\u00e9.<\/p>\n\r\n\t\t<\/div>\r\n\t<\/div><\/div><div class=\"eut-column wpb_column eut-column-1-2\" ><div class=\"eut-column-wrapper\" ><div class=\"eut-element eut-text\">\r\n\t\t\t<ul>\n<li>Nous imprimons sans alcool (depuis plus de 15 ans)<\/li>\n<li>La plupart de nos papiers sont certifi\u00e9s FSC\u00ae.<\/li>\n<li>Toutes nos encres sont \u00e0 base d'huiles v\u00e9g\u00e9tales<\/li>\n<li>Nous imprimons de l'\u00e9nergie verte avec 100%<\/li>\n<li>Gr\u00e2ce \u00e0 un logiciel unique, nous imprimons moins d'encre avec 30%<\/li>\n<li>Notre imprimerie est nich\u00e9e dans une oasis de verdure<\/li>\n<li>Pavage perm\u00e9able au lieu de l'asphalte ou du b\u00e9ton autour de nos b\u00e2timents<\/li>\n<li>Aucun d\u00e9versement de d\u00e9chets dans le r\u00e9seau d'\u00e9gouts<\/li>\n<li>S\u00e9paration de tous les d\u00e9chets<\/li>\n<li>Recyclage et traitement par des entreprises de traitement des d\u00e9chets certifi\u00e9es<\/li>\n<li>Syst\u00e8mes de drainage s\u00e9par\u00e9s pour les eaux us\u00e9es et les eaux pluviales.<\/li>\n<li>L'eau de pluie est recueillie dans notre oued, o\u00f9 grenouilles et oiseaux vivent en toute libert\u00e9 !<\/li>\n<\/ul>\n\r\n\t\t<\/div>\r\n\t<div class=\"eut-element eut-align-left\"><a href=\"https:\/\/www.paperisnature.be\/nl\" target=\"_blank\" class=\"eut-btn eut-btn-medium eut-square eut-bg-primary-1 eut-bg-hover-black\"><span>Le papier, c'est la nature<\/span><\/a><\/div><\/div><\/div><\/div><\/div><div class=\"eut-background-wrapper\"><\/div><\/div><div class=\"eut-section eut-row-section eut-fullwidth-background eut-bg-none\"><div class=\"eut-container\"><div class=\"eut-row eut-bookmark eut-columns-gap-30\"><div class=\"eut-column wpb_column eut-column-1\" ><div class=\"eut-column-wrapper\" ><div class=\"eut-element eut-divider\" style=\"\"><div class=\"eut-line-divider eut-border\"><\/div><\/div><\/div><\/div><\/div><\/div><div class=\"eut-background-wrapper\"><\/div><\/div><div class=\"eut-section eut-row-section eut-fullwidth-background eut-padding-top-6x eut-bg-none\"><div class=\"eut-container\"><div class=\"eut-row eut-bookmark eut-columns-gap-30\"><div class=\"eut-column wpb_column eut-column-1-6 eut-tablet-sm-column-hide eut-mobile-column-hide\" ><div class=\"eut-column-wrapper\" ><\/div><\/div><div class=\"eut-column wpb_column eut-column-2-3 eut-tablet-sm-column-1\" ><div class=\"eut-column-wrapper\" ><h3 class=\"eut-element eut-title eut-align-center eut-small-text\" style=\"\"><span>Plus de for\u00eats en Europe<\/span><\/h3><h2 class=\"eut-element eut-title eut-align-center eut-h2\" style=\"\"><span>entre 2005 et 2015, les for\u00eats europ\u00e9ennes ont progress\u00e9 de 41 000 kilom\u00e8tres carr\u00e9s<\/span><\/h2><\/div><\/div><div class=\"eut-column wpb_column eut-column-1-6 eut-tablet-sm-column-hide eut-mobile-column-hide\" ><div class=\"eut-column-wrapper\" ><\/div><\/div><div class=\"eut-column wpb_column eut-column-1\" ><div class=\"eut-column-wrapper\" ><div class=\"eut-empty-space eut-height-3x\" style=\"\"><\/div><\/div><\/div><div class=\"eut-column wpb_column eut-column-1-2\" ><div class=\"eut-column-wrapper\" ><div class=\"eut-element eut-image eut-align-center\" style=\"\">  <div class=\"eut-image-wrapper\"><img loading=\"lazy\" decoding=\"async\" width=\"768\" height=\"512\" src=\"https:\/\/drukkerijverhoeven.be\/wp-content\/uploads\/2022\/08\/zaagsel-768x512.jpg\" class=\"attachment-medium_large size-medium_large\" alt=\"\" srcset=\"https:\/\/drukkerijverhoeven.be\/wp-content\/uploads\/2022\/08\/zaagsel-768x512.jpg 768w, https:\/\/drukkerijverhoeven.be\/wp-content\/uploads\/2022\/08\/zaagsel-300x200.jpg 300w, https:\/\/drukkerijverhoeven.be\/wp-content\/uploads\/2022\/08\/zaagsel-1024x682.jpg 1024w, https:\/\/drukkerijverhoeven.be\/wp-content\/uploads\/2022\/08\/zaagsel-1536x1024.jpg 1536w, https:\/\/drukkerijverhoeven.be\/wp-content\/uploads\/2022\/08\/zaagsel-1920x1280.jpg 1920w\" sizes=\"auto, (max-width: 768px) 100vw, 768px\" \/>   <\/div><\/div><\/div><\/div><div class=\"eut-column wpb_column eut-column-1-2\" ><div class=\"eut-column-wrapper\" ><div class=\"eut-element eut-image eut-align-center\" style=\"\">  <div class=\"eut-image-wrapper\"><img loading=\"lazy\" decoding=\"async\" width=\"768\" height=\"512\" src=\"https:\/\/drukkerijverhoeven.be\/wp-content\/uploads\/2022\/08\/windmolen-768x512.png\" class=\"attachment-medium_large size-medium_large\" alt=\"\" srcset=\"https:\/\/drukkerijverhoeven.be\/wp-content\/uploads\/2022\/08\/windmolen-768x512.png 768w, https:\/\/drukkerijverhoeven.be\/wp-content\/uploads\/2022\/08\/windmolen-300x200.png 300w, https:\/\/drukkerijverhoeven.be\/wp-content\/uploads\/2022\/08\/windmolen-1024x682.png 1024w, https:\/\/drukkerijverhoeven.be\/wp-content\/uploads\/2022\/08\/windmolen-1536x1024.png 1536w, https:\/\/drukkerijverhoeven.be\/wp-content\/uploads\/2022\/08\/windmolen-1920x1280.png 1920w\" sizes=\"auto, (max-width: 768px) 100vw, 768px\" \/>   <\/div><\/div><\/div><\/div><\/div><\/div><div class=\"eut-background-wrapper\"><\/div><\/div><div class=\"eut-section eut-row-section eut-fullwidth-background eut-padding-top-2x eut-padding-bottom-4x eut-bg-none\"><div class=\"eut-container\"><div class=\"eut-row eut-bookmark eut-columns-gap-30\"><div class=\"eut-column wpb_column eut-column-1-3\" ><div class=\"eut-column-wrapper\" ><div class=\"eut-empty-space eut-height-2x\" style=\"\"><\/div><h5 class=\"eut-element eut-title eut-align-left eut-link-text\" style=\"\"><span>01 | <span class=\"eut-text-primary-1\">R\u00e9utilisable 6 \u00e0 7 fois.<\/span><\/span><\/h5><div class=\"eut-element eut-text\">\r\n\t\t\t<p>En Europe, 72% de papier sont recycl\u00e9s, le papier peut \u00eatre r\u00e9utilis\u00e9 6 \u00e0 7 fois.<\/p>\n\r\n\t\t<\/div>\r\n\t<\/div><\/div><div class=\"eut-column wpb_column eut-column-1-3\" ><div class=\"eut-column-wrapper\" ><div class=\"eut-empty-space eut-height-2x\" style=\"\"><\/div><h5 class=\"eut-element eut-title eut-align-left eut-link-text\" style=\"\"><span>02 | <span class=\"eut-text-primary-1\">For\u00eats certifi\u00e9es FSC\u00ae.<\/span><\/span><\/h5><div class=\"eut-element eut-text\">\r\n\t\t\t<p>Les nouvelles fibres proviennent de for\u00eats certifi\u00e9es FSC\u00ae, ce qui en fait un produit renouvelable.<br \/>\n<a style=\"text-decoration: underline;\" href=\"https:\/\/be.fsc.org\/be-nl\" target=\"_blank\" rel=\"noopener\">Qu'est-ce que le FSC\u00ae ? Pour en savoir plus, cliquez ici.<\/a><\/p>\n<p><img loading=\"lazy\" decoding=\"async\" class=\"wp-image-4138\" src=\"https:\/\/drukkerijverhoeven.be\/wp-content\/uploads\/2024\/09\/white-on-green-192x300.jpeg\" alt=\"\" width=\"109\" height=\"170\" srcset=\"https:\/\/drukkerijverhoeven.be\/wp-content\/uploads\/2024\/09\/white-on-green-192x300.jpeg 192w, https:\/\/drukkerijverhoeven.be\/wp-content\/uploads\/2024\/09\/white-on-green.jpeg 327w\" sizes=\"auto, (max-width: 109px) 100vw, 109px\" \/><\/p>\n<p>Num\u00e9ro de COC FSC\u00ae : SCS-COC-005219-HH<br \/>\nRenseignez-vous sur nos produits certifi\u00e9s FSC\u00ae.<\/p>\n\r\n\t\t<\/div>\r\n\t<\/div><\/div><div class=\"eut-column wpb_column eut-column-1-3\" ><div class=\"eut-column-wrapper\" ><div class=\"eut-empty-space eut-height-2x\" style=\"\"><\/div><h5 class=\"eut-element eut-title eut-align-left eut-link-text\" style=\"\"><span>03 | <span class=\"eut-text-primary-1\">100% recycl\u00e9.<\/span><\/span><\/h5><div class=\"eut-element eut-text\">\r\n\t\t\t<p>Nos bo\u00eetes et papiers d'emballage sont recycl\u00e9s \u00e0 100%.<\/p>\n\r\n\t\t<\/div>\r\n\t<\/div><\/div><div class=\"eut-column wpb_column eut-column-1 eut-mobile-column-hide\" ><div class=\"eut-column-wrapper\" ><div class=\"eut-empty-space eut-height-1x\" style=\"\"><\/div><\/div><\/div><div class=\"eut-column wpb_column eut-column-1-3\" ><div class=\"eut-column-wrapper\" ><div class=\"eut-empty-space eut-height-2x\" style=\"\"><\/div><h5 class=\"eut-element eut-title eut-align-left eut-link-text\" style=\"\"><span>04 | <span class=\"eut-text-primary-1\">Diminution des \u00e9missions de CO<sup>2<\/sup> Les \u00e9missions de gaz \u00e0 effet de serre.<\/span><\/span><\/h5><div class=\"eut-element eut-text\">\r\n\t\t\t<p>Au cours des 30 derni\u00e8res ann\u00e9es, les \u00e9missions directes de CO2 de l'industrie papeti\u00e8re europ\u00e9enne ont diminu\u00e9 de 40% et la consommation d'eau de 56%.<\/p>\n\r\n\t\t<\/div>\r\n\t<\/div><\/div><div class=\"eut-column wpb_column eut-column-1-3\" ><div class=\"eut-column-wrapper\" ><div class=\"eut-empty-space eut-height-2x\" style=\"\"><\/div><h5 class=\"eut-element eut-title eut-align-left eut-link-text\" style=\"\"><span>05 | <span class=\"eut-text-primary-1\">Taux de recyclage de l'industrie du papier.<\/span><\/span><\/h5><div class=\"eut-element eut-text\">\r\n\t\t\t<p>Avec un taux de recyclage de 72%, l'industrie du papier est devenue un mod\u00e8le d'\u00e9conomie circulaire dont vous faites souvent partie dans la vie de tous les jours, pensez aux rouleaux de cuisine, aux mouchoirs en papier, au papier hygi\u00e9nique et \u00e0 de nombreux mat\u00e9riaux d'emballage.<\/p>\n\r\n\t\t<\/div>\r\n\t<\/div><\/div><div class=\"eut-column wpb_column eut-column-1-3\" ><div class=\"eut-column-wrapper\" ><div class=\"eut-empty-space eut-height-2x\" style=\"\"><\/div><h5 class=\"eut-element eut-title eut-align-left eut-link-text\" style=\"\"><span>05 | <span class=\"eut-text-primary-1\">La production de papier ne nuit pas aux for\u00eats.<br \/>\n<\/span><\/span><\/h5><div class=\"eut-element eut-text\">\r\n\t\t\t<p>L'industrie du papier utilise principalement du bois d'\u00e9claircie et des d\u00e9chets de sciage et n'est pas responsable de la destruction de la for\u00eat tropicale.<\/p>\n<p>&nbsp;<\/p>\n\r\n\t\t<\/div>\r\n\t<\/div><\/div><\/div><\/div><div class=\"eut-background-wrapper\"><\/div><\/div>","protected":false},"excerpt":{"rendered":"<p>Even the all-powerful Pointing has no control about the blind texts it is an almost unorthographic life One day however a small line of blind text by the name of Lorem Ipsum decided to leave for the far World of Grammar. The Big Oxmox advised her not to do so, because there were thousands of bad Commas.<\/p>","protected":false},"author":1,"featured_media":0,"parent":0,"menu_order":0,"comment_status":"closed","ping_status":"closed","template":"","meta":{"footnotes":""},"class_list":["post-897","page","type-page","status-publish","hentry"],"_links":{"self":[{"href":"https:\/\/drukkerijverhoeven.be\/fr\/wp-json\/wp\/v2\/pages\/897","targetHints":{"allow":["GET"]}}],"collection":[{"href":"https:\/\/drukkerijverhoeven.be\/fr\/wp-json\/wp\/v2\/pages"}],"about":[{"href":"https:\/\/drukkerijverhoeven.be\/fr\/wp-json\/wp\/v2\/types\/page"}],"author":[{"embeddable":true,"href":"https:\/\/drukkerijverhoeven.be\/fr\/wp-json\/wp\/v2\/users\/1"}],"replies":[{"embeddable":true,"href":"https:\/\/drukkerijverhoeven.be\/fr\/wp-json\/wp\/v2\/comments?post=897"}],"version-history":[{"count":38,"href":"https:\/\/drukkerijverhoeven.be\/fr\/wp-json\/wp\/v2\/pages\/897\/revisions"}],"predecessor-version":[{"id":4141,"href":"https:\/\/drukkerijverhoeven.be\/fr\/wp-json\/wp\/v2\/pages\/897\/revisions\/4141"}],"wp:attachment":[{"href":"https:\/\/drukkerijverhoeven.be\/fr\/wp-json\/wp\/v2\/media?parent=897"}],"curies":[{"name":"wp","href":"https:\/\/api.w.org\/{rel}","templated":true}]}}