{"id":3992,"date":"2022-07-29T13:09:26","date_gmt":"2022-07-29T13:09:26","guid":{"rendered":"https:\/\/verhoeven.nathanmertens.be\/?page_id=1990"},"modified":"2024-02-25T14:40:44","modified_gmt":"2024-02-25T14:40:44","slug":"contacteer-ons","status":"publish","type":"page","link":"https:\/\/drukkerijverhoeven.be\/fr\/contacteer-ons\/","title":{"rendered":"Contactez nous"},"content":{"rendered":"<div class=\"eut-section eut-row-section eut-fullwidth eut-bg-none\"><div class=\"eut-container\"><div class=\"eut-row eut-bookmark eut-columns-gap-30\"><div class=\"eut-column wpb_column eut-column-1 eut-tablet-column-2-3 eut-tablet-sm-column-1\" ><div class=\"eut-column-wrapper\" ><div class=\"eut-row-inner eut-bookmark\">\r\n\t\t<div class=\"eut-column-inner wpb_column eut-column-1-4 eut-mobile-column-hide\">\r\n\t\t\t<div class=\"eut-column-wrapper-inner\">\r\n\t\t\t<div class=\"eut-empty-space eut-height-1x\" style=\"\"><\/div>\r\n\t\t\t<\/div>\r\n\t\t<\/div>\r\n\t\r\n\t\t<div class=\"eut-column-inner wpb_column eut-column-1-4\">\r\n\t\t\t<div class=\"eut-column-wrapper-inner vc_custom_1661901051642\">\r\n\t\t\t<div class=\"eut-empty-space eut-height-2x\" style=\"\"><\/div><div class=\"eut-element eut-box-icon eut-large eut-top-icon eut-align-center\" style=\"\"><div class=\"eut-image-icon\"><img loading=\"lazy\" decoding=\"async\" width=\"304\" height=\"304\" src=\"https:\/\/drukkerijverhoeven.be\/wp-content\/uploads\/2022\/08\/bertverhoeven.png\" class=\"attachment-full size-full\" alt=\"\" srcset=\"https:\/\/drukkerijverhoeven.be\/wp-content\/uploads\/2022\/08\/bertverhoeven.png 304w, https:\/\/drukkerijverhoeven.be\/wp-content\/uploads\/2022\/08\/bertverhoeven-300x300.png 300w, https:\/\/drukkerijverhoeven.be\/wp-content\/uploads\/2022\/08\/bertverhoeven-150x150.png 150w\" sizes=\"auto, (max-width: 304px) 100vw, 304px\" \/><\/div><div class=\"eut-box-content\"><\/div><\/div><div class=\"eut-element eut-slogan eut-align-center\" style=\"\"><h5 class=\"eut-slogan-title eut-align-center eut-link-text\"><span>Bert Verhoeven - Directeur g\u00e9n\u00e9ral<\/span><\/h5>  <p class=\"\">L'imprimerie, ma passion ...<br \/>\nDes ann\u00e9es d'exp\u00e9rience m'ont permis de devenir un sp\u00e9cialiste des m\u00e9dias imprim\u00e9s.<br \/>\nEntra\u00eeneur de rugby, au Rugby Club Pajot.<br \/>\nNous grattons nos disques durs dans les montagnes<\/p><div class=\"eut-btn-wrapper\"><a href=\"mailto:bert@drukkerijverhoeven.be\" target=\"_blank\" class=\"eut-btn eut-btn-small eut-text-primary-1 eut-text-hover-primary-1 eut-btn-underline\"><span><i class=\"fas fa-envelope\"><\/i>Contacter Bert<span class=\"eut-btn-bottom-line eut-bg-primary-1\"><\/span><\/span><\/a><\/div><\/div><div class=\"eut-empty-space eut-height-4x\" style=\"\"><\/div>\r\n\t\t\t<\/div>\r\n\t\t<\/div>\r\n\t\r\n\t\t<div class=\"eut-column-inner wpb_column eut-column-1-4\">\r\n\t\t\t<div class=\"eut-column-wrapper-inner\">\r\n\t\t\t<div class=\"eut-empty-space eut-height-2x\" style=\"\"><\/div><div class=\"eut-element eut-box-icon eut-large eut-top-icon eut-align-center\" style=\"\"><div class=\"eut-image-icon\"><img loading=\"lazy\" decoding=\"async\" width=\"304\" height=\"304\" src=\"https:\/\/drukkerijverhoeven.be\/wp-content\/uploads\/2022\/08\/piet.png\" class=\"attachment-full size-full\" alt=\"\" srcset=\"https:\/\/drukkerijverhoeven.be\/wp-content\/uploads\/2022\/08\/piet.png 304w, https:\/\/drukkerijverhoeven.be\/wp-content\/uploads\/2022\/08\/piet-300x300.png 300w, https:\/\/drukkerijverhoeven.be\/wp-content\/uploads\/2022\/08\/piet-150x150.png 150w\" sizes=\"auto, (max-width: 304px) 100vw, 304px\" \/><\/div><div class=\"eut-box-content\"><\/div><\/div><div class=\"eut-element eut-slogan eut-align-center\" style=\"\"><h5 class=\"eut-slogan-title eut-align-center eut-link-text\"><span>Piet Verhoeven - Directeur g\u00e9n\u00e9ral<\/span><\/h5>  <p class=\"\">Imprimer, aimer, faire du v\u00e9lo, marcher, lire et voyager<br \/>\n&nbsp;<br \/>\n&nbsp;<br \/>\n&nbsp;<\/p><div class=\"eut-btn-wrapper\"><a href=\"mailto:piet@drukkerijverhoeven.be\" target=\"_blank\" class=\"eut-btn eut-btn-small eut-text-primary-1 eut-text-hover-primary-1 eut-btn-underline\"><span><i class=\"fas fa-envelope\"><\/i>Contacter Pete<span class=\"eut-btn-bottom-line eut-bg-primary-1\"><\/span><\/span><\/a><\/div><\/div><div class=\"eut-empty-space eut-height-4x\" style=\"\"><\/div>\r\n\t\t\t<\/div>\r\n\t\t<\/div>\r\n\t\r\n\t\t<div class=\"eut-column-inner wpb_column eut-column-1-4 eut-mobile-column-hide\">\r\n\t\t\t<div class=\"eut-column-wrapper-inner\">\r\n\t\t\t<div class=\"eut-empty-space eut-height-1x\" style=\"\"><\/div>\r\n\t\t\t<\/div>\r\n\t\t<\/div>\r\n\t\r\n\t\t<div class=\"eut-column-inner wpb_column eut-column-1-3 eut-tablet-column-1 eut-tablet-sm-column-1\">\r\n\t\t\t<div class=\"eut-column-wrapper-inner vc_custom_1661277184949\">\r\n\t\t\t<div class=\"eut-empty-space eut-height-2x\" style=\"\"><\/div><div class=\"eut-element eut-box-icon eut-large eut-top-icon eut-align-center\" style=\"\"><div class=\"eut-image-icon\"><img loading=\"lazy\" decoding=\"async\" width=\"304\" height=\"304\" src=\"https:\/\/drukkerijverhoeven.be\/wp-content\/uploads\/2022\/08\/wout.png\" class=\"attachment-full size-full\" alt=\"\" srcset=\"https:\/\/drukkerijverhoeven.be\/wp-content\/uploads\/2022\/08\/wout.png 304w, https:\/\/drukkerijverhoeven.be\/wp-content\/uploads\/2022\/08\/wout-300x300.png 300w, https:\/\/drukkerijverhoeven.be\/wp-content\/uploads\/2022\/08\/wout-150x150.png 150w\" sizes=\"auto, (max-width: 304px) 100vw, 304px\" \/><\/div><div class=\"eut-box-content\"><\/div><\/div><div class=\"eut-element eut-slogan eut-align-left\" style=\"\"><h5 class=\"eut-slogan-title eut-align-left eut-link-text\"><span>Wout Vangeersdaele<\/span><\/h5>  <p class=\"\">Wout a suivi une formation en presse \u00e9crite \u00e0 l'institut Donbosco de Halle et est un membre r\u00e9gulier de notre \u00e9quipe depuis un certain temps. Pendant son temps libre, Wout s'implique dans le Chiro.<\/p><div class=\"eut-btn-wrapper\"><a href=\"mailto:wout@drukkerijverhoeven.be\" target=\"_blank\" class=\"eut-btn eut-btn-small eut-text-primary-1 eut-text-hover-primary-1 eut-btn-underline\"><span><i class=\"fas fa-envelope\"><\/i>contacter wout<span class=\"eut-btn-bottom-line eut-bg-primary-1\"><\/span><\/span><\/a><\/div><\/div><div class=\"eut-empty-space eut-height-4x\" style=\"\"><\/div>\r\n\t\t\t<\/div>\r\n\t\t<\/div>\r\n\t\r\n\t\t<div class=\"eut-column-inner wpb_column eut-column-1-3\">\r\n\t\t\t<div class=\"eut-column-wrapper-inner\">\r\n\t\t\t<div class=\"eut-empty-space eut-height-2x\" style=\"\"><\/div><div class=\"eut-element eut-box-icon eut-large eut-top-icon eut-align-center\" style=\"\"><div class=\"eut-image-icon\"><img loading=\"lazy\" decoding=\"async\" width=\"304\" height=\"304\" src=\"https:\/\/drukkerijverhoeven.be\/wp-content\/uploads\/2022\/08\/veronique.png\" class=\"attachment-full size-full\" alt=\"\" srcset=\"https:\/\/drukkerijverhoeven.be\/wp-content\/uploads\/2022\/08\/veronique.png 304w, https:\/\/drukkerijverhoeven.be\/wp-content\/uploads\/2022\/08\/veronique-300x300.png 300w, https:\/\/drukkerijverhoeven.be\/wp-content\/uploads\/2022\/08\/veronique-150x150.png 150w\" sizes=\"auto, (max-width: 304px) 100vw, 304px\" \/><\/div><div class=\"eut-box-content\"><\/div><\/div><div class=\"eut-element eut-slogan eut-align-left\" style=\"\"><h5 class=\"eut-slogan-title eut-align-left eut-link-text\"><span>V\u00e9ronique Speliers - Fanic<\/span><\/h5>  <p class=\"\">Gestionnaire d'impression ind\u00e9pendant<\/p><div class=\"eut-btn-wrapper\"><a href=\"mailto:veronique@drukkerijverhoeven.be\" target=\"_blank\" class=\"eut-btn eut-btn-small eut-text-primary-1 eut-text-hover-primary-1 eut-btn-underline\"><span><i class=\"fas fa-envelope\"><\/i>contacter veronique<span class=\"eut-btn-bottom-line eut-bg-primary-1\"><\/span><\/span><\/a><\/div><\/div><div class=\"eut-empty-space eut-height-1x\" style=\"\"><\/div>\r\n\t\t\t<\/div>\r\n\t\t<\/div>\r\n\t<\/div><div class=\"eut-empty-space eut-height-4x\" style=\"\"><\/div><\/div><\/div><div class=\"eut-column wpb_column eut-column-1-4 eut-tablet-column-2-3 eut-tablet-sm-column-1\" ><div class=\"eut-column-wrapper\" ><\/div><\/div><div class=\"eut-column wpb_column eut-column-1-6 eut-tablet-column-1-3 eut-tablet-sm-column-1\" ><div class=\"eut-column-wrapper vc_custom_1661275110799\" ><div class=\"eut-empty-space eut-height-4x\" style=\"\"><\/div>\n\t<div class=\"wpb_raw_code wpb_content_element wpb_raw_html\" >\n\t\t<div class=\"wpb_wrapper\">\n\t\t\t<div id=\"text-6\" class=\"eut-widget widget widget_text\">\t\t\t<div class=\"textwidget\"><h5>Notre imprimerie<\/h5>\n<p>Notre imprimerie est nich\u00e9e dans une oasis de verdure \u00e0 Sint-Pieter-Leeuw, \u00e0 deux pas de Bruxelles.\n<\/p>\n<h6>Chauss\u00e9e de Mons 776c<\/h6>\n<p>1600 Sint-Pieters-Leeuw\n<br>\n<a href=\"mailto:info@drukkerijverhoeven.be\">info@drukkerijverhoeven.be<\/a><\/p>\n<h6><a href:\"tel:003223611360\">0032 2 361 13 60<\/a><\/h6>\n\n<br><\/p>\n<\/div>\n\t\t<\/div>\n\t\t<\/div>\n\t<\/div>\n<\/div><\/div><div class=\"eut-column wpb_column eut-column-7-12 eut-tablet-column-hide eut-tablet-sm-column-hide\" ><div class=\"eut-column-wrapper\" ><div class=\"eut-element eut-image eut-align-center eut-full-image eut-image-space-100\" style=\"\">  <div class=\"eut-image-wrapper\"><img loading=\"lazy\" decoding=\"async\" width=\"1920\" height=\"1282\" src=\"https:\/\/drukkerijverhoeven.be\/wp-content\/uploads\/2022\/08\/headercontact-1920x1282-1.jpg\" class=\"attachment-fildisi-eutf-fullscreen size-fildisi-eutf-fullscreen\" alt=\"\" srcset=\"https:\/\/drukkerijverhoeven.be\/wp-content\/uploads\/2022\/08\/headercontact-1920x1282-1.jpg 1920w, https:\/\/drukkerijverhoeven.be\/wp-content\/uploads\/2022\/08\/headercontact-1920x1282-1-300x200.jpg 300w, https:\/\/drukkerijverhoeven.be\/wp-content\/uploads\/2022\/08\/headercontact-1920x1282-1-1024x684.jpg 1024w, https:\/\/drukkerijverhoeven.be\/wp-content\/uploads\/2022\/08\/headercontact-1920x1282-1-768x513.jpg 768w, https:\/\/drukkerijverhoeven.be\/wp-content\/uploads\/2022\/08\/headercontact-1920x1282-1-1536x1026.jpg 1536w\" sizes=\"auto, (max-width: 1920px) 100vw, 1920px\" \/>   <\/div><\/div><div class=\"eut-empty-space eut-height-2x\" style=\"\"><\/div><div role=\"form\" class=\"wpcf7\" id=\"wpcf7-f1988-o1\" lang=\"en-US\" dir=\"ltr\">\n<div class=\"screen-reader-response\"><p role=\"status\" aria-live=\"polite\" aria-atomic=\"true\"><\/p> <ul><\/ul><\/div>\n<form action=\"\/fr\/wp-json\/wp\/v2\/pages\/3992#wpcf7-f1988-o1\" method=\"post\" class=\"wpcf7-form init\" novalidate=\"novalidate\" data-status=\"init\" data-trp-original-action=\"\/fr\/wp-json\/wp\/v2\/pages\/3992#wpcf7-f1988-o1\">\n<div style=\"display: none;\">\n<input type=\"hidden\" name=\"_wpcf7\" value=\"1988\" \/>\n<input type=\"hidden\" name=\"_wpcf7_version\" value=\"5.6.4\" \/>\n<input type=\"hidden\" name=\"_wpcf7_locale\" value=\"en_US\" \/>\n<input type=\"hidden\" name=\"_wpcf7_unit_tag\" value=\"wpcf7-f1988-o1\" \/>\n<input type=\"hidden\" name=\"_wpcf7_container_post\" value=\"0\" \/>\n<input type=\"hidden\" name=\"_wpcf7_posted_data_hash\" value=\"\" \/>\n<input type=\"hidden\" name=\"_wpcf7_recaptcha_response\" value=\"\" \/>\n<\/div>\n<div class=\"eut-form eut-underline\">\n<div class=\"eut-fields-wrapper\">\n<div>\n<h5>Nom <i class=\"eut-text-primary-1\">*<\/i><\/h5>\n<p><span class=\"wpcf7-form-control-wrap\" data-name=\"your-name\"><input type=\"text\" name=\"your-name\" value=\"\" size=\"40\" class=\"wpcf7-form-control wpcf7-text wpcf7-validates-as-required\" aria-required=\"true\" aria-invalid=\"false\" \/><\/span><\/p><\/div>\n<div>\n<h5>Courriel <i class=\"eut-text-primary-1\">*<\/i><\/h5>\n<p><span class=\"wpcf7-form-control-wrap\" data-name=\"your-email\"><input type=\"email\" name=\"your-email\" value=\"\" size=\"40\" class=\"wpcf7-form-control wpcf7-text wpcf7-email wpcf7-validates-as-required wpcf7-validates-as-email\" aria-required=\"true\" aria-invalid=\"false\" \/><\/span><\/p><\/div>\n<div>\n<h5>Num\u00e9ro de t\u00e9l\u00e9phone <i class=\"eut-text-primary-1\">*<\/i><\/h5>\n<p><span class=\"wpcf7-form-control-wrap\" data-name=\"Telefoonnummer\"><input type=\"tel\" name=\"Telefoonnummer\" value=\"\" size=\"40\" class=\"wpcf7-form-control wpcf7-text wpcf7-tel wpcf7-validates-as-tel\" aria-invalid=\"false\" \/><\/span><\/p><\/div>\n<div>\n<h5>Sujet ou informations<\/h5>\n<p><span class=\"wpcf7-form-control-wrap\" data-name=\"your-message\"><textarea name=\"your-message\" cols=\"40\" rows=\"10\" class=\"wpcf7-form-control wpcf7-textarea\" aria-invalid=\"false\"><\/textarea><\/span><\/p><\/div>\n<div><input type=\"submit\" value=\"Exp\u00e9dition\" class=\"wpcf7-form-control has-spinner wpcf7-submit\" \/><\/div>\n<\/div>\n<\/div>\n<p style=\"display: none !important;\"><label>&#916;<textarea name=\"_wpcf7_ak_hp_textarea\" cols=\"45\" rows=\"8\" maxlength=\"100\"><\/textarea><\/label><input type=\"hidden\" id=\"ak_js_1\" name=\"_wpcf7_ak_js\" value=\"67\"\/><script>document.getElementById( \"ak_js_1\" ).setAttribute( \"value\", ( new Date() ).getTime() );<\/script><\/p><div class=\"wpcf7-response-output\" aria-hidden=\"true\"><\/div><input type=\"hidden\" name=\"trp-form-language\" value=\"fr\"\/><\/form><\/div><div class=\"eut-empty-space eut-height-2x\" style=\"\"><\/div><\/div><\/div><div class=\"eut-column wpb_column eut-column-1\" ><div class=\"eut-column-wrapper\" ><\/div><\/div><div class=\"eut-column wpb_column eut-column-5-12 eut-tablet-column-1-3 eut-tablet-sm-column-hide eut-mobile-column-hide\" ><div class=\"eut-column-wrapper\" ><\/div><\/div><div class=\"eut-column wpb_column eut-column-1\" ><div class=\"eut-column-wrapper\" ><\/div><\/div><div class=\"eut-column wpb_column eut-column-1\" ><div class=\"eut-column-wrapper\" ><\/div><\/div><\/div><\/div><div class=\"eut-background-wrapper\"><\/div><\/div>","protected":false},"excerpt":{"rendered":"<p>Une merveilleuse s\u00e9r\u00e9nit\u00e9 s'est empar\u00e9e de toute mon \u00e2me, comme ces doux matins de printemps que je savoure de tout mon c\u0153ur. Je suis seul, et je ressens le charme de l'existence dans ce lieu, qui a \u00e9t\u00e9 cr\u00e9\u00e9 pour le bonheur des \u00e2mes comme la mienne.<\/p>","protected":false},"author":1,"featured_media":0,"parent":0,"menu_order":0,"comment_status":"closed","ping_status":"closed","template":"","meta":{"footnotes":""},"class_list":["post-3992","page","type-page","status-publish","hentry"],"_links":{"self":[{"href":"https:\/\/drukkerijverhoeven.be\/fr\/wp-json\/wp\/v2\/pages\/3992","targetHints":{"allow":["GET"]}}],"collection":[{"href":"https:\/\/drukkerijverhoeven.be\/fr\/wp-json\/wp\/v2\/pages"}],"about":[{"href":"https:\/\/drukkerijverhoeven.be\/fr\/wp-json\/wp\/v2\/types\/page"}],"author":[{"embeddable":true,"href":"https:\/\/drukkerijverhoeven.be\/fr\/wp-json\/wp\/v2\/users\/1"}],"replies":[{"embeddable":true,"href":"https:\/\/drukkerijverhoeven.be\/fr\/wp-json\/wp\/v2\/comments?post=3992"}],"version-history":[{"count":22,"href":"https:\/\/drukkerijverhoeven.be\/fr\/wp-json\/wp\/v2\/pages\/3992\/revisions"}],"predecessor-version":[{"id":4136,"href":"https:\/\/drukkerijverhoeven.be\/fr\/wp-json\/wp\/v2\/pages\/3992\/revisions\/4136"}],"wp:attachment":[{"href":"https:\/\/drukkerijverhoeven.be\/fr\/wp-json\/wp\/v2\/media?parent=3992"}],"curies":[{"name":"wp","href":"https:\/\/api.w.org\/{rel}","templated":true}]}}